{"id":2,"date":"2022-03-10T19:48:04","date_gmt":"2022-03-10T18:48:04","guid":{"rendered":"https:\/\/villeneuvedebout.org\/?page_id=2"},"modified":"2022-03-10T21:35:59","modified_gmt":"2022-03-10T20:35:59","slug":"page-d-exemple","status":"publish","type":"page","link":"https:\/\/villeneuvedebout.org\/index.php\/page-d-exemple\/","title":{"rendered":"Gouvernance"},"content":{"rendered":"\n<p>La derni\u00e8re assembl\u00e9e g\u00e9n\u00e9rale du 10 F\u00e9vrier 2022 a d\u00e9cid\u00e9 une \u00e9volution importante de la gouvernance de l\u2019association Villeneuve Debout dans la continuit\u00e9 des orientations de l\u2019AG 2021 Il a \u00e9t\u00e9 d\u00e9cid\u00e9 que la coll\u00e9giale Villeneuve Debout soit d\u00e9sormais compos\u00e9e par deux r\u00e9f\u00e9rents d\u00e9sign\u00e9s au sein de chaque groupes-projets. Il s\u2019agit de mieux r\u00e9pondre aux principes, aux objectifs et au fonctionnement de l\u2019association.<\/p>\n\n\n\n<p>Nous souhaitons rappeler deux principes : <\/p>\n\n\n\n<p>1) Villeneuve Debout ne fait rien seul mais permet que des projets se mettent en place. <\/p>\n\n\n\n<p>2) Chaque projet a sa propre gouvernance pour la mise en oeuvre des projets.<\/p>\n\n\n\n<p>Pour mettre en oeuvre ces nouvelles orientations, nous vous proposons de participer aux prochaines \u00e9tapes qui vont se d\u00e9rouler dans les prochaines semaines.<\/p>\n","protected":false},"excerpt":{"rendered":"<p>La derni\u00e8re assembl\u00e9e g\u00e9n\u00e9rale du 10 F\u00e9vrier 2022 a d\u00e9cid\u00e9 une \u00e9volution importante de la gouvernance de l\u2019association Villeneuve Debout dans la continuit\u00e9 des orientations de l\u2019AG 2021 Il a \u00e9t\u00e9 d\u00e9cid\u00e9 que la coll\u00e9giale Villeneuve Debout soit d\u00e9sormais compos\u00e9e par deux r\u00e9f\u00e9rents d\u00e9sign\u00e9s au sein de chaque groupes-projets. Il s\u2019agit de mieux r\u00e9pondre aux&hellip;&nbsp;<a href=\"https:\/\/villeneuvedebout.org\/index.php\/page-d-exemple\/\" class=\"\" rel=\"bookmark\">Lire la suite &raquo;<span class=\"screen-reader-text\">Gouvernance<\/span><\/a><\/p>\n","protected":false},"author":1,"featured_media":0,"parent":0,"menu_order":0,"comment_status":"closed","ping_status":"open","template":"","meta":{"neve_meta_sidebar":"","neve_meta_container":"","neve_meta_enable_content_width":"","neve_meta_content_width":0,"neve_meta_title_alignment":"","neve_meta_author_avatar":"","neve_post_elements_order":"","neve_meta_disable_header":"","neve_meta_disable_footer":"","neve_meta_disable_title":"","_ti_tpc_template_sync":false,"_ti_tpc_template_id":"","footnotes":""},"_links":{"self":[{"href":"https:\/\/villeneuvedebout.org\/index.php\/wp-json\/wp\/v2\/pages\/2"}],"collection":[{"href":"https:\/\/villeneuvedebout.org\/index.php\/wp-json\/wp\/v2\/pages"}],"about":[{"href":"https:\/\/villeneuvedebout.org\/index.php\/wp-json\/wp\/v2\/types\/page"}],"author":[{"embeddable":true,"href":"https:\/\/villeneuvedebout.org\/index.php\/wp-json\/wp\/v2\/users\/1"}],"replies":[{"embeddable":true,"href":"https:\/\/villeneuvedebout.org\/index.php\/wp-json\/wp\/v2\/comments?post=2"}],"version-history":[{"count":2,"href":"https:\/\/villeneuvedebout.org\/index.php\/wp-json\/wp\/v2\/pages\/2\/revisions"}],"predecessor-version":[{"id":47,"href":"https:\/\/villeneuvedebout.org\/index.php\/wp-json\/wp\/v2\/pages\/2\/revisions\/47"}],"wp:attachment":[{"href":"https:\/\/villeneuvedebout.org\/index.php\/wp-json\/wp\/v2\/media?parent=2"}],"curies":[{"name":"wp","href":"https:\/\/api.w.org\/{rel}","templated":true}]}}