{"id":24,"date":"2022-03-10T21:10:24","date_gmt":"2022-03-10T20:10:24","guid":{"rendered":"https:\/\/villeneuvedebout.org\/?page_id=24"},"modified":"2022-03-10T21:10:25","modified_gmt":"2022-03-10T20:10:25","slug":"qui-sommes-nous","status":"publish","type":"page","link":"https:\/\/villeneuvedebout.org\/index.php\/qui-sommes-nous\/","title":{"rendered":"Qui sommes-nous ?"},"content":{"rendered":"\n<p>La petite histoire<\/p>\n\n\n\n<p><br>L\u2019\u00e9t\u00e9 2010 restera certainement marqu\u00e9 pour longtemps dans la m\u00e9moire des habitants de la Villeneuve. Pas uniquement parce qu\u2019un de ses enfants, lourdement arm\u00e9 pour braquer le Casino d\u2019Uriage, est mort violemment au pied de son immeuble, mais \u00e9galement parce que les r\u00e9actions qui ont suivi ont \u00e9t\u00e9 brutales\u00a0: actions violentes de certains jeunes du quartier, intervention polici\u00e8re disproportionn\u00e9e, couverture m\u00e9diatique ax\u00e9e sur le sensationnel et cultivant la peur, et enfin un discours, le \u00ab\u00a0discours de Grenoble\u00a0\u00bb sans mesure ni retenue, attisant les haines et jouant sur des amalgames.<br>Au lendemain de ce triste \u00e9t\u00e9 2010, \u00e0 l&rsquo;initiative de l&rsquo;Union de Quartier Villeneuve 1, des habitants et associations du quartier ont d\u00e9cid\u00e9 de constituer un \u00ab\u00a0collectif Interassociatif\u00a0\u00bb rassemblant toutes les forces vives du quartier pour tenter de comprendre et d\u00e9passer ces \u00e9v\u00e9nements. Nous voulions tenir notre place de citoyens, acteurs de la vie de notre quartier, nous voulions continuer \u00e0 travailler ensemble afin de r\u00e9pondre aux pr\u00e9occupations de chacun.<\/p>\n\n\n\n<p><br>Le collectif d&rsquo;associations et d&rsquo;habitants ainsi organis\u00e9 a d\u00e9cid\u00e9 d&rsquo;organiser un temps appel\u00e9 \u00ab\u00a03\u00a0heures pour la Villeneuve\u00a0\u00bb, qui a permis de r\u00e9diger un \u00ab\u00a0Livre Blanc\u00a0\u00bb. Ce document a \u00e9t\u00e9 remis solennellement au maire de Grenoble \u00e0 la f\u00eate de quartier en 2012. Dans ce livre blanc on retrouve un certain nombre de questions et de revendications sur les moyens donn\u00e9 \u00e0 l&rsquo;\u00e9ducation et \u00e0 la pr\u00e9vention et la volont\u00e9 affirm\u00e9e des habitants de s&rsquo;en occuper aussi.<br>\u00c0 travers ce collectif, il s\u2019agissait \u00e0 la fois de renforcer la capacit\u00e9 d&rsquo;expression et d&rsquo;action des habitants et de favoriser le travail en commun des associations pour am\u00e9liorer ensemble la situation du quartier et marquer l&rsquo;ouverture du quartier sur l&rsquo;ensemble de l&rsquo;agglom\u00e9ration. C&rsquo;est ainsi qu&rsquo;a \u00e9t\u00e9 d\u00e9cid\u00e9 de mener une premi\u00e8re action sur la question de la \u00ab\u00a0d\u00e9linquance\u00a0\u00bb en partenariat avec le th\u00e9\u00e2tre de l&rsquo;Ancre (Belgique) et le spectacle \u00ab\u00a0Un Homme Debout\u00a0\u00bb.<br><\/p>\n\n\n\n<figure class=\"wp-block-image size-full\"><img loading=\"lazy\" decoding=\"async\" width=\"562\" height=\"750\" src=\"https:\/\/villeneuvedebout.org\/wp-content\/uploads\/2022\/03\/image-2.png\" alt=\"\" class=\"wp-image-25\" srcset=\"https:\/\/villeneuvedebout.org\/wp-content\/uploads\/2022\/03\/image-2.png 562w, https:\/\/villeneuvedebout.org\/wp-content\/uploads\/2022\/03\/image-2-225x300.png 225w\" sizes=\"(max-width: 562px) 100vw, 562px\" \/><\/figure>\n\n\n\n<p>Le collectif \u00ab\u00a0Interassociatif\u00a0\u00bb est devenu Villeneuve Debout en\u00a0janvier\u00a02012, apr\u00e8s le passage d&rsquo; \u00ab\u00a0Un Homme Debout\u00a0\u00bb dans le quartier.<\/p>\n","protected":false},"excerpt":{"rendered":"<p>La petite histoire L\u2019\u00e9t\u00e9 2010 restera certainement marqu\u00e9 pour longtemps dans la m\u00e9moire des habitants de la Villeneuve. Pas uniquement parce qu\u2019un de ses enfants, lourdement arm\u00e9 pour braquer le Casino d\u2019Uriage, est mort violemment au pied de son immeuble, mais \u00e9galement parce que les r\u00e9actions qui ont suivi ont \u00e9t\u00e9 brutales\u00a0: actions violentes de&hellip;&nbsp;<a href=\"https:\/\/villeneuvedebout.org\/index.php\/qui-sommes-nous\/\" class=\"\" rel=\"bookmark\">Lire la suite &raquo;<span class=\"screen-reader-text\">Qui sommes-nous ?<\/span><\/a><\/p>\n","protected":false},"author":1,"featured_media":0,"parent":0,"menu_order":0,"comment_status":"closed","ping_status":"closed","template":"","meta":{"neve_meta_sidebar":"","neve_meta_container":"","neve_meta_enable_content_width":"","neve_meta_content_width":0,"neve_meta_title_alignment":"","neve_meta_author_avatar":"","neve_post_elements_order":"","neve_meta_disable_header":"","neve_meta_disable_footer":"","neve_meta_disable_title":"","_ti_tpc_template_sync":false,"_ti_tpc_template_id":"","footnotes":""},"_links":{"self":[{"href":"https:\/\/villeneuvedebout.org\/index.php\/wp-json\/wp\/v2\/pages\/24"}],"collection":[{"href":"https:\/\/villeneuvedebout.org\/index.php\/wp-json\/wp\/v2\/pages"}],"about":[{"href":"https:\/\/villeneuvedebout.org\/index.php\/wp-json\/wp\/v2\/types\/page"}],"author":[{"embeddable":true,"href":"https:\/\/villeneuvedebout.org\/index.php\/wp-json\/wp\/v2\/users\/1"}],"replies":[{"embeddable":true,"href":"https:\/\/villeneuvedebout.org\/index.php\/wp-json\/wp\/v2\/comments?post=24"}],"version-history":[{"count":1,"href":"https:\/\/villeneuvedebout.org\/index.php\/wp-json\/wp\/v2\/pages\/24\/revisions"}],"predecessor-version":[{"id":26,"href":"https:\/\/villeneuvedebout.org\/index.php\/wp-json\/wp\/v2\/pages\/24\/revisions\/26"}],"wp:attachment":[{"href":"https:\/\/villeneuvedebout.org\/index.php\/wp-json\/wp\/v2\/media?parent=24"}],"curies":[{"name":"wp","href":"https:\/\/api.w.org\/{rel}","templated":true}]}}