{"id":36,"date":"2022-03-10T21:29:16","date_gmt":"2022-03-10T20:29:16","guid":{"rendered":"https:\/\/villeneuvedebout.org\/?page_id=36"},"modified":"2022-03-10T21:32:29","modified_gmt":"2022-03-10T20:32:29","slug":"le-projet","status":"publish","type":"page","link":"https:\/\/villeneuvedebout.org\/index.php\/le-projet\/","title":{"rendered":"Le projet associatif"},"content":{"rendered":"\n<p><br>L\u2019association a pour objectifs\u00a0:<\/p>\n\n\n\n<ul class=\"wp-block-list\"><li>Animer sous toutes formes, sociale, culturelle, artistique le quartier de la Villeneuve Grenoble et au-del\u00e0, dans une d\u00e9marche d\u2019\u00e9ducation populaire.<\/li><li>Intervenir dans la formation globale des hommes et des femmes, \u00e0 leur \u00e9panouissement et la prise de responsabilit\u00e9, comme citoyens, dans le quartier, la ville.<\/li><li>Permettre une synergie entre les associations, les collectifs et les habitant-e-s qui vivent sur ce quartier, par la mise en \u0153uvre de projets interassociatifs.<\/li><li>Encourage l&rsquo;expression des personnes par l\u2019information, la formation et permettre d\u2019am\u00e9liorer le vivre-ensemble en portant des pr\u00e9occupations collectives.<\/li><li>Quels sont nos grands principes d\u2019intervention&nbsp;?<\/li><li>Prendre le temps n\u00e9cessaire, parfois long, de la construction des actions avec les habitants du quartier, afin d&rsquo;en assurer leur utilit\u00e9 et leur p\u00e9rennisation<\/li><li>Mettre en place des outils d&rsquo;information et de communication adapt\u00e9s \u00e0 chacun<\/li><li>Assurer la gestion administrative des actions et mettre en place les outils comptables et financiers n\u00e9cessaires.<\/li><li>R\u00e9aliser des d\u00e9marches pour obtenir les soutiens et les partenariats n\u00e9cessaires aupr\u00e8s des administrations, collectivit\u00e9s, organismes, ou particuliers susceptibles d\u2019apporter leur contribution au projet de l&rsquo;association.<\/li><li>Pouvoir interpeller les pouvoirs publics et les administrations.<\/li><\/ul>\n\n\n\n<p class=\"has-small-font-size\">Ces principes sont repris dans la Charte du Collectif, r\u00e9dig\u00e9e collectivement en 2013.<\/p>\n\n\n\n<p><strong>Quelles sont nos activit\u00e9s g\u00e9n\u00e9rales\u00a0?<\/strong><\/p>\n\n\n\n<p><br>Les activit\u00e9s conduites par \u00ab\u00a0Villeneuve Debout\u00a0\u00bb se d\u00e9clinent sous des formes vari\u00e9es et pluridisciplinaires.\u00a0Elles sont aujourd&rsquo;hui structur\u00e9es et organis\u00e9es autour de trois axes d&rsquo;intervention\u00a0:<\/p>\n\n\n\n<ol class=\"wp-block-list\"><li>La formation, l&rsquo;\u00e9change et la culture&nbsp;: \u00e0 travers la mise en place d&rsquo;une Universit\u00e9 Populaire et la valorisation des cultures du quartier \u00e0 travers le dispositif Villeneuve Ville monde., afin de lutter contre les pr\u00e9jug\u00e9s et soutenir \u00ab\u00a0l&rsquo;\u00eatre-ensemble\u00a0\u00bb.<\/li><li>Les questions de Violence et de Non-violence&nbsp;: \u00e0 travers la mise en place d&rsquo;ateliers et la participation \u00e0 un \u00e9v\u00e9nementiel annuel et des partenariats \u00e0 l&rsquo;\u00e9chelle de l&rsquo;agglom\u00e9ration dans le cadre des actions autour du 2&nbsp;octobre.<\/li><li>La d\u00e9tente et le loisir \u00e0 travers l&rsquo;action Villeneuve Plage et la participation aux f\u00eates et dynamiques pr\u00e9sentes sur le quartier (f\u00eate du quartier, f\u00eate de fin d&rsquo;ann\u00e9e).<br>Quels sont les besoins auxquels le projet associatif entend r\u00e9pondre&nbsp;?<\/li><li>Lutter contre les pr\u00e9jug\u00e9s, favoriser le respect de l&rsquo;autre, valoriser les cultures pr\u00e9sentes sur le quartier et susciter le partage et les \u00e9changes de \u00ab&nbsp;l&rsquo;inter&nbsp;: culturel, g\u00e9n\u00e9rationnel&nbsp;\u00bb<\/li><li>Pr\u00e9venir les violences pr\u00e9sentes sur le quartier et de sensibiliser les pouvoirs m\u00e9diatiques et politiques.<\/li><li>Former \u00e0 l&rsquo;esprit critique et au fait citoyen, notamment des jeunes.<\/li><li>Encourager voire de refonder \u00ab&nbsp;l&rsquo;envie d&rsquo;\u00eatre et de faire ensemble&nbsp;\u00bb fragilis\u00e9 depuis longtemps dans le quartier, et d&rsquo;autant plus n\u00e9cessaire depuis les attentats de 2015.<\/li><li>P\u00e9renniser nos actions par la mise \u00e0 disposition d&rsquo;un poste de coordination \u00e0 temps plein qualifi\u00e9 et comp\u00e9tent.<\/li><\/ol>\n","protected":false},"excerpt":{"rendered":"<p>L\u2019association a pour objectifs\u00a0: Animer sous toutes formes, sociale, culturelle, artistique le quartier de la Villeneuve Grenoble et au-del\u00e0, dans une d\u00e9marche d\u2019\u00e9ducation populaire. Intervenir dans la formation globale des hommes et des femmes, \u00e0 leur \u00e9panouissement et la prise de responsabilit\u00e9, comme citoyens, dans le quartier, la ville. Permettre une synergie entre les associations,&hellip;&nbsp;<a href=\"https:\/\/villeneuvedebout.org\/index.php\/le-projet\/\" class=\"\" rel=\"bookmark\">Lire la suite &raquo;<span class=\"screen-reader-text\">Le projet associatif<\/span><\/a><\/p>\n","protected":false},"author":1,"featured_media":0,"parent":0,"menu_order":0,"comment_status":"closed","ping_status":"closed","template":"","meta":{"neve_meta_sidebar":"","neve_meta_container":"","neve_meta_enable_content_width":"","neve_meta_content_width":0,"neve_meta_title_alignment":"","neve_meta_author_avatar":"","neve_post_elements_order":"","neve_meta_disable_header":"","neve_meta_disable_footer":"","neve_meta_disable_title":"","footnotes":""},"class_list":["post-36","page","type-page","status-publish","hentry"],"_links":{"self":[{"href":"https:\/\/villeneuvedebout.org\/index.php\/wp-json\/wp\/v2\/pages\/36","targetHints":{"allow":["GET"]}}],"collection":[{"href":"https:\/\/villeneuvedebout.org\/index.php\/wp-json\/wp\/v2\/pages"}],"about":[{"href":"https:\/\/villeneuvedebout.org\/index.php\/wp-json\/wp\/v2\/types\/page"}],"author":[{"embeddable":true,"href":"https:\/\/villeneuvedebout.org\/index.php\/wp-json\/wp\/v2\/users\/1"}],"replies":[{"embeddable":true,"href":"https:\/\/villeneuvedebout.org\/index.php\/wp-json\/wp\/v2\/comments?post=36"}],"version-history":[{"count":4,"href":"https:\/\/villeneuvedebout.org\/index.php\/wp-json\/wp\/v2\/pages\/36\/revisions"}],"predecessor-version":[{"id":43,"href":"https:\/\/villeneuvedebout.org\/index.php\/wp-json\/wp\/v2\/pages\/36\/revisions\/43"}],"wp:attachment":[{"href":"https:\/\/villeneuvedebout.org\/index.php\/wp-json\/wp\/v2\/media?parent=36"}],"curies":[{"name":"wp","href":"https:\/\/api.w.org\/{rel}","templated":true}]}}