{"id":51,"date":"2022-03-10T21:42:48","date_gmt":"2022-03-10T20:42:48","guid":{"rendered":"https:\/\/villeneuvedebout.org\/?page_id=51"},"modified":"2022-03-10T21:42:49","modified_gmt":"2022-03-10T20:42:49","slug":"universite-populaire-villeneuve","status":"publish","type":"page","link":"https:\/\/villeneuvedebout.org\/index.php\/universite-populaire-villeneuve\/","title":{"rendered":"Universit\u00e9 Populaire Villeneuve"},"content":{"rendered":"\n<p>Le projet d&rsquo;Universit\u00e9 Populaire de la Villeneuve (UPV) vise \u00e0 prolonger, de mani\u00e8re p\u00e9renne, les actions qui ont \u00e9t\u00e9 men\u00e9es sur le quartier de la Villeneuve \u00e0 Grenoble, dans un projet de territoire qui inclut \u00e0 la fois des temps de formation, de d\u00e9bats et de sensibilisation.<br><\/p>\n\n\n\n<p class=\"has-medium-font-size\"><strong>Qu&rsquo;est-ce que l&rsquo;Universit\u00e9 Populaire de La Villeneuve (UPV)\u00a0?<\/strong><br><\/p>\n\n\n\n<p>L&rsquo;UP est une structure m\u00ealant diff\u00e9rents dispositifs\u00a0: espaces de dialogue, d&rsquo;expression et de formation dans un but d&rsquo;\u00e9ducation populaire et de mobilisation des habitants et doit permettre de d\u00e9velopper l&rsquo;\u00e9veil d&rsquo;un esprit critique, la capacit\u00e9 \u00e0 d\u00e9cider et le pouvoir d&rsquo;agir des habitants. L\u2019universit\u00e9 Populaire se veut un outil permanent\u00a0:<br>au service d\u2019une meilleure compr\u00e9hension des grandes \u00e9volutions et ph\u00e9nom\u00e8nes de soci\u00e9t\u00e9<br>au service des habitants du quartier favorisant l\u2019\u00e9change et l\u2019\u00e9coute dans la convivialit\u00e9<br>au service de l\u2019action des habitants<br><\/p>\n\n\n\n<p>L&rsquo;Universit\u00e9 Populaire est un lieu de confrontation d&rsquo;id\u00e9es, en rassemblant des publics distincts et la rencontre de personnes qui n&rsquo;ont pas l&rsquo;habitude de se c\u00f4toyer, afin de construire du commun \u00e0 partir de nos diff\u00e9rences en prenant en compte les rapports de pouvoir et de domination.<br><\/p>\n\n\n\n<p>L&rsquo;Universit\u00e9 Populaire s&rsquo;inscrit dans l&rsquo;histoire du territoire. Pour atteindre ces objectifs l\u2019Universit\u00e9 Populaire se donne pour mission\u00a0:<br>d&rsquo;accompagner l&rsquo;\u00e9mergence de la demande des habitants en recueillant les avis, les besoins, en les organisant et en permettant de construire des r\u00e9ponses \u00e0 des questions identifi\u00e9es.<br>de transmettre et renouveler les savoirs issus de l&rsquo;exp\u00e9rience des habitants, des acteurs du quartier et les croiser avec les savoirs universitaires.<br>de renforcer la libert\u00e9 d&rsquo;expression et de d\u00e9velopper l&rsquo;esprit critique en favorisant la confrontation des id\u00e9es, en cr\u00e9ant des espaces de d\u00e9bat et de conflit dans le respect de chacun.<br>de favoriser la cr\u00e9ativit\u00e9.<br>de travailler les questions dans la dur\u00e9e.<br><\/p>\n\n\n\n<p>L&rsquo;Universit\u00e9 Populaire n&rsquo;est pas une \u00c9cole comme les autres. Elle ne propose pas uniquement des cours, des conf\u00e9rences savantes mais s&rsquo;appuie sur l\u2019expression des citoyens. Les contenus et les m\u00e9thodes sont con\u00e7us par les habitants.<br><\/p>\n\n\n\n<p><strong>Archives de l&rsquo;Universit\u00e9 Populaire de la Villeneuve<\/strong><\/p>\n\n\n\n<ol><li>La Branche \u00ab\u00a0Pour (se) Comprendre\u00a0\u00bb&nbsp;: Dialogues en diff\u00e9rences<br>Le Cycle \u00ab&nbsp;Pour Comprendre&nbsp;\u00bb est n\u00e9 suite aux attentats de janvier&nbsp;2015, face au besoin d&rsquo;\u00e9changer entre les habitants, qui n&rsquo;ont pas l&rsquo;habitude de se rencontrer et de se parler, sur des sujets sensibles. Par ailleurs, la lecture de certains propos sur les r\u00e9seaux sociaux \u00e0 cette \u00e9poque, nous a oblig\u00e9s \u00e0 inventer une forme innovante d&rsquo;animation pour recr\u00e9er des espaces de dialogue o\u00f9 tout le monde peut exprimer son opinion, notamment dans la confrontation (mais dans le respect.)<br>Ce cycle qui s&rsquo;est d\u00e9roul\u00e9, dans un premier temps, de mars&nbsp;2015 \u00e0 mars&nbsp;2016 a \u00e9t\u00e9 un grand succ\u00e8s, il a rassembl\u00e9 \u00e0 chaque s\u00e9ance, environ 100-130 personnes et un public tr\u00e8s diversifi\u00e9 et mixte.<br>Le Cycle s&rsquo;est organis\u00e9 autour de 4 th\u00e8mes et dans le cadre de la cr\u00e9ation de l&rsquo;Universit\u00e9 Populaire et du croisement entre savoirs des habitants et des intervenants&nbsp;:<\/li><li>Discrimination, \u00ab&nbsp;islamophobie, racisme&nbsp;\u00bb, mars&nbsp;2015<\/li><li>M\u00e9moires d&rsquo;immigr\u00e9s, septembre&nbsp;2015<\/li><li>Quartier, Ghetto&nbsp;? , novembre&nbsp;2015<\/li><li>Libert\u00e9 d&rsquo;expression, mars&nbsp;2016<br>Au lendemain de la 4e Rencontre de ce Cycle, nous souhaitions organiser (l&rsquo;invitation \u00e0 la r\u00e9union de bilan a \u00e9t\u00e9 envoy\u00e9e \u00e0 l&rsquo;ensemble des participants des rencontres) un temps de r\u00e9flexion commun et r\u00e9fl\u00e9chir ensemble au bilan et perspectives de l&rsquo;action. Deux r\u00e9unions ont eu lieu \u00e0 cet effet les 21&nbsp;mars 2016 et 13&nbsp;avril, ce qui a donn\u00e9 la suite du cycle&nbsp;:<\/li><li>Les conflits d&rsquo;ailleurs, quels impacts sur nos vies ici&nbsp;? , juin&nbsp;2016<\/li><li>Diihad, Guantanamo\u2026 et la vie apr\u00e8s&nbsp;? , juin&nbsp;2016<\/li><li>Moi, toi, lui\u2026 y a-t-il de la place pour nous tous&nbsp;? Comment Mon histoire permet l&rsquo;Histoire de Tous&nbsp;? , d\u00e9cembre&nbsp;2016<\/li><li>La r\u00e9novation urbaine, d\u00e9cembre&nbsp;2016<br>La Branche \u00ab\u00a0D\u00e9crypter\u00a0\u00bb&nbsp;: conna\u00eetre pour agir<\/li><\/ol>\n","protected":false},"excerpt":{"rendered":"<p>Le projet d&rsquo;Universit\u00e9 Populaire de la Villeneuve (UPV) vise \u00e0 prolonger, de mani\u00e8re p\u00e9renne, les actions qui ont \u00e9t\u00e9 men\u00e9es sur le quartier de la Villeneuve \u00e0 Grenoble, dans un projet de territoire qui inclut \u00e0 la fois des temps de formation, de d\u00e9bats et de sensibilisation. Qu&rsquo;est-ce que l&rsquo;Universit\u00e9 Populaire de La Villeneuve (UPV)\u00a0?&hellip;&nbsp;<a href=\"https:\/\/villeneuvedebout.org\/index.php\/universite-populaire-villeneuve\/\" class=\"\" rel=\"bookmark\">Lire la suite &raquo;<span class=\"screen-reader-text\">Universit\u00e9 Populaire Villeneuve<\/span><\/a><\/p>\n","protected":false},"author":1,"featured_media":0,"parent":0,"menu_order":0,"comment_status":"closed","ping_status":"closed","template":"","meta":{"neve_meta_sidebar":"","neve_meta_container":"","neve_meta_enable_content_width":"","neve_meta_content_width":0,"neve_meta_title_alignment":"","neve_meta_author_avatar":"","neve_post_elements_order":"","neve_meta_disable_header":"","neve_meta_disable_footer":"","neve_meta_disable_title":"","_ti_tpc_template_sync":false,"_ti_tpc_template_id":"","footnotes":""},"_links":{"self":[{"href":"https:\/\/villeneuvedebout.org\/index.php\/wp-json\/wp\/v2\/pages\/51"}],"collection":[{"href":"https:\/\/villeneuvedebout.org\/index.php\/wp-json\/wp\/v2\/pages"}],"about":[{"href":"https:\/\/villeneuvedebout.org\/index.php\/wp-json\/wp\/v2\/types\/page"}],"author":[{"embeddable":true,"href":"https:\/\/villeneuvedebout.org\/index.php\/wp-json\/wp\/v2\/users\/1"}],"replies":[{"embeddable":true,"href":"https:\/\/villeneuvedebout.org\/index.php\/wp-json\/wp\/v2\/comments?post=51"}],"version-history":[{"count":1,"href":"https:\/\/villeneuvedebout.org\/index.php\/wp-json\/wp\/v2\/pages\/51\/revisions"}],"predecessor-version":[{"id":52,"href":"https:\/\/villeneuvedebout.org\/index.php\/wp-json\/wp\/v2\/pages\/51\/revisions\/52"}],"wp:attachment":[{"href":"https:\/\/villeneuvedebout.org\/index.php\/wp-json\/wp\/v2\/media?parent=51"}],"curies":[{"name":"wp","href":"https:\/\/api.w.org\/{rel}","templated":true}]}}