{"id":7,"date":"2022-03-10T20:28:39","date_gmt":"2022-03-10T19:28:39","guid":{"rendered":"https:\/\/villeneuvedebout.org\/?page_id=7"},"modified":"2026-04-30T11:21:51","modified_gmt":"2026-04-30T09:21:51","slug":"accueil","status":"publish","type":"page","link":"https:\/\/villeneuvedebout.org\/","title":{"rendered":"Accueil"},"content":{"rendered":"\n<p>Bienvenue sur le site internet de l&rsquo;association Villeneuve Debout ! Ce site a vocation \u00e0 recenser l&rsquo;historique et les activit\u00e9s de l\u2019association Villeneuve Debout, n\u2019h\u00e9sitez pas \u00e0 l&rsquo;enrichir !<\/p>\n\n\n\n<figure class=\"wp-block-image size-full\"><img loading=\"lazy\" decoding=\"async\" width=\"750\" height=\"562\" src=\"https:\/\/villeneuvedebout.org\/wp-content\/uploads\/2022\/03\/image.png\" alt=\"\" class=\"wp-image-8\" srcset=\"https:\/\/villeneuvedebout.org\/wp-content\/uploads\/2022\/03\/image.png 750w, https:\/\/villeneuvedebout.org\/wp-content\/uploads\/2022\/03\/image-300x225.png 300w\" sizes=\"auto, (max-width: 750px) 100vw, 750px\" \/><figcaption class=\"wp-element-caption\">Villeneuve Plage<\/figcaption><\/figure>\n\n\n\n<p><br><strong>Objectifs de l&rsquo;association<\/strong><br><\/p>\n\n\n\n<ul class=\"wp-block-list\">\n<li>Animer sous toutes formes, sociale, culturelle, artistique le quartier de la Villeneuve Grenoble et au-del\u00e0, dans une d\u00e9marche d\u2019\u00e9ducation populaire ;<\/li>\n\n\n\n<li>Intervenir dans la formation globale des hommes et des femmes, \u00e0 leur \u00e9panouissement et la prise de responsabilit\u00e9, comme citoyens, dans le quartier, la ville ;<\/li>\n\n\n\n<li>Permettre une synergie entre les associations, les collectifs et les habitant-e-s qui vivent sur ce quartier, par la mise en \u0153uvre de projets inter-associatifs ;<\/li>\n\n\n\n<li>Encourager l&rsquo;expression des personnes par l\u2019information, la formation et permettre d\u2019am\u00e9liorer le vivre-ensemble en portant des pr\u00e9occupations collectives.<\/li>\n<\/ul>\n\n\n\n<p>Contact : contact(a)villeneuvedebout.org<\/p>\n","protected":false},"excerpt":{"rendered":"<p>Bienvenue sur le site internet de l&rsquo;association Villeneuve Debout ! Ce site a vocation \u00e0 recenser l&rsquo;historique et les activit\u00e9s de l\u2019association Villeneuve Debout, n\u2019h\u00e9sitez pas \u00e0 l&rsquo;enrichir ! Objectifs de l&rsquo;association Contact : contact(a)villeneuvedebout.org<\/p>\n","protected":false},"author":1,"featured_media":0,"parent":0,"menu_order":0,"comment_status":"closed","ping_status":"closed","template":"","meta":{"neve_meta_sidebar":"","neve_meta_container":"","neve_meta_enable_content_width":"","neve_meta_content_width":0,"neve_meta_title_alignment":"","neve_meta_author_avatar":"","neve_post_elements_order":"","neve_meta_disable_header":"","neve_meta_disable_footer":"","neve_meta_disable_title":"","footnotes":""},"class_list":["post-7","page","type-page","status-publish","hentry"],"_links":{"self":[{"href":"https:\/\/villeneuvedebout.org\/index.php\/wp-json\/wp\/v2\/pages\/7","targetHints":{"allow":["GET"]}}],"collection":[{"href":"https:\/\/villeneuvedebout.org\/index.php\/wp-json\/wp\/v2\/pages"}],"about":[{"href":"https:\/\/villeneuvedebout.org\/index.php\/wp-json\/wp\/v2\/types\/page"}],"author":[{"embeddable":true,"href":"https:\/\/villeneuvedebout.org\/index.php\/wp-json\/wp\/v2\/users\/1"}],"replies":[{"embeddable":true,"href":"https:\/\/villeneuvedebout.org\/index.php\/wp-json\/wp\/v2\/comments?post=7"}],"version-history":[{"count":4,"href":"https:\/\/villeneuvedebout.org\/index.php\/wp-json\/wp\/v2\/pages\/7\/revisions"}],"predecessor-version":[{"id":130,"href":"https:\/\/villeneuvedebout.org\/index.php\/wp-json\/wp\/v2\/pages\/7\/revisions\/130"}],"wp:attachment":[{"href":"https:\/\/villeneuvedebout.org\/index.php\/wp-json\/wp\/v2\/media?parent=7"}],"curies":[{"name":"wp","href":"https:\/\/api.w.org\/{rel}","templated":true}]}}