{"id":75,"date":"2022-03-10T22:02:50","date_gmt":"2022-03-10T21:02:50","guid":{"rendered":"https:\/\/villeneuvedebout.org\/?page_id=75"},"modified":"2026-05-04T15:58:12","modified_gmt":"2026-05-04T13:58:12","slug":"non-violence","status":"publish","type":"page","link":"https:\/\/villeneuvedebout.org\/index.php\/non-violence\/","title":{"rendered":"Le collectif pour la non-violence"},"content":{"rendered":"\n<p>Depuis 2012, depuis la mort tragique et si violente de Kevin et Sofiane, un collectif se structure autour de la non-violence, chemin faisant, sur l\u2019agglom\u00e9ration. D\u2019abord via les Collectifs de la Marche d\u2019\u00c9chirolles et de Villeneuve Debout de Grenoble, puis avec aujourd\u2019hui le collectif d\u2019Agir pour la Paix, l\u2019\u00c9cole de la Paix, Modus Operandi, l\u2019association One Luck\/Luc Pouvin, et avec les MJC Desnos et des Roseaux. Tous ensemble, ces acteurs, inscrivent sur le territoire de l\u2019agglom\u00e9ration, une action unique et prot\u00e9iforme, sur les questions de violence et non-violence.<\/p>\n\n\n\n<p>En&nbsp;2014 et&nbsp;2015, l\u2019action avait \u00e9t\u00e9 commune et identifi\u00e9e sur un lieu unique (au lyc\u00e9e Marie Curie en 2014 et \u00e0 Alpexpo et au Summum en 2015) , le 2&nbsp;octobre, jour anniversaire de la Marche Blanche d\u2019\u00c9chirolles de 2012 et jour, aussi, de la journ\u00e9e internationale (ONU) pour la non-violence.<\/p>\n\n\n\n<p>Suite \u00e0 une s\u00e9rie de r\u00e9unions, la d\u00e9cision a \u00e9t\u00e9 prise que chaque acteur, membre du collectif, puisse resserrer ses actions sur leur territoire et continuer \u00e0 participer \u00e0 la dynamique collective globale via la revue \u00ab&nbsp;Marchons&nbsp;\u00bb.<\/p>\n","protected":false},"excerpt":{"rendered":"<p>Depuis 2012, depuis la mort tragique et si violente de Kevin et Sofiane, un collectif se structure autour de la non-violence, chemin faisant, sur l\u2019agglom\u00e9ration. D\u2019abord via les Collectifs de la Marche d\u2019\u00c9chirolles et de Villeneuve Debout de Grenoble, puis avec aujourd\u2019hui le collectif d\u2019Agir pour la Paix, l\u2019\u00c9cole de la Paix, Modus Operandi, l\u2019association&hellip;&nbsp;<a href=\"https:\/\/villeneuvedebout.org\/index.php\/non-violence\/\" class=\"\" rel=\"bookmark\">Lire la suite &raquo;<span class=\"screen-reader-text\">Le collectif pour la non-violence<\/span><\/a><\/p>\n","protected":false},"author":1,"featured_media":0,"parent":0,"menu_order":0,"comment_status":"closed","ping_status":"closed","template":"","meta":{"neve_meta_sidebar":"","neve_meta_container":"","neve_meta_enable_content_width":"","neve_meta_content_width":0,"neve_meta_title_alignment":"","neve_meta_author_avatar":"","neve_post_elements_order":"","neve_meta_disable_header":"","neve_meta_disable_footer":"","neve_meta_disable_title":"","footnotes":""},"class_list":["post-75","page","type-page","status-publish","hentry"],"_links":{"self":[{"href":"https:\/\/villeneuvedebout.org\/index.php\/wp-json\/wp\/v2\/pages\/75","targetHints":{"allow":["GET"]}}],"collection":[{"href":"https:\/\/villeneuvedebout.org\/index.php\/wp-json\/wp\/v2\/pages"}],"about":[{"href":"https:\/\/villeneuvedebout.org\/index.php\/wp-json\/wp\/v2\/types\/page"}],"author":[{"embeddable":true,"href":"https:\/\/villeneuvedebout.org\/index.php\/wp-json\/wp\/v2\/users\/1"}],"replies":[{"embeddable":true,"href":"https:\/\/villeneuvedebout.org\/index.php\/wp-json\/wp\/v2\/comments?post=75"}],"version-history":[{"count":2,"href":"https:\/\/villeneuvedebout.org\/index.php\/wp-json\/wp\/v2\/pages\/75\/revisions"}],"predecessor-version":[{"id":144,"href":"https:\/\/villeneuvedebout.org\/index.php\/wp-json\/wp\/v2\/pages\/75\/revisions\/144"}],"wp:attachment":[{"href":"https:\/\/villeneuvedebout.org\/index.php\/wp-json\/wp\/v2\/media?parent=75"}],"curies":[{"name":"wp","href":"https:\/\/api.w.org\/{rel}","templated":true}]}}